{"id":884,"date":"2025-07-28T13:10:07","date_gmt":"2025-07-28T11:10:07","guid":{"rendered":"https:\/\/yogaavecpauline.fr\/?page_id=884"},"modified":"2025-08-20T15:11:30","modified_gmt":"2025-08-20T13:11:30","slug":"les-cours","status":"publish","type":"page","link":"https:\/\/yogaavecpauline.fr\/index.php\/les-cours\/","title":{"rendered":"Les cours"},"content":{"rendered":"\t\t<div data-elementor-type=\"wp-page\" data-elementor-id=\"884\" class=\"elementor elementor-884\" data-elementor-post-type=\"page\">\n\t\t\t\t\t\t<section class=\"elementor-section elementor-top-section elementor-element elementor-element-0a96136 elementor-section-full_width elementor-section-height-min-height elementor-section-height-default elementor-section-items-middle\" data-id=\"0a96136\" data-element_type=\"section\" data-e-type=\"section\" data-settings=\"{&quot;background_background&quot;:&quot;classic&quot;}\">\n\t\t\t\t\t\t\t<div class=\"elementor-background-overlay\"><\/div>\n\t\t\t\t\t\t\t<div class=\"elementor-container elementor-column-gap-default\">\n\t\t\t\t\t<div class=\"elementor-column elementor-col-100 elementor-top-column elementor-element elementor-element-1e8bcfa\" data-id=\"1e8bcfa\" data-element_type=\"column\" data-e-type=\"column\">\n\t\t\t<div class=\"elementor-widget-wrap elementor-element-populated\">\n\t\t\t\t\t\t<div class=\"elementor-element elementor-element-95e9adc elementor-widget elementor-widget-heading\" data-id=\"95e9adc\" data-element_type=\"widget\" data-e-type=\"widget\" data-widget_type=\"heading.default\">\n\t\t\t\t<div class=\"elementor-widget-container\">\n\t\t\t\t\t<h1 class=\"elementor-heading-title elementor-size-default\">Mes cours de yoga \u00e0 Brest<\/h1>\t\t\t\t<\/div>\n\t\t\t\t<\/div>\n\t\t\t\t<div class=\"elementor-element elementor-element-66643e2 elementor-widget elementor-widget-heading\" data-id=\"66643e2\" data-element_type=\"widget\" data-e-type=\"widget\" data-widget_type=\"heading.default\">\n\t\t\t\t<div class=\"elementor-widget-container\">\n\t\t\t\t\t<h2 class=\"elementor-heading-title elementor-size-default\">Trois pratiques, trois chemins pour revenir \u00e0 soi<\/h2>\t\t\t\t<\/div>\n\t\t\t\t<\/div>\n\t\t\t\t<div class=\"elementor-element elementor-element-f648d8f elementor-align-center elementor-widget elementor-widget-button\" data-id=\"f648d8f\" data-element_type=\"widget\" data-e-type=\"widget\" data-widget_type=\"button.default\">\n\t\t\t\t<div class=\"elementor-widget-container\">\n\t\t\t\t\t\t\t\t\t<div class=\"elementor-button-wrapper\">\n\t\t\t\t\t<a class=\"elementor-button elementor-button-link elementor-size-sm\" href=\"https:\/\/yogaavecpauline.fr\/index.php\/hatha-yoga\/\">\n\t\t\t\t\t\t<span class=\"elementor-button-content-wrapper\">\n\t\t\t\t\t\t\t\t\t<span class=\"elementor-button-text\">HATHA YOGA<\/span>\n\t\t\t\t\t<\/span>\n\t\t\t\t\t<\/a>\n\t\t\t\t<\/div>\n\t\t\t\t\t\t\t\t<\/div>\n\t\t\t\t<\/div>\n\t\t\t\t<div class=\"elementor-element elementor-element-78f7946 elementor-align-center elementor-widget elementor-widget-button\" data-id=\"78f7946\" data-element_type=\"widget\" data-e-type=\"widget\" data-widget_type=\"button.default\">\n\t\t\t\t<div class=\"elementor-widget-container\">\n\t\t\t\t\t\t\t\t\t<div class=\"elementor-button-wrapper\">\n\t\t\t\t\t<a class=\"elementor-button elementor-button-link elementor-size-sm\" href=\"https:\/\/yogaavecpauline.fr\/index.php\/yoga-de-la-femme\/\">\n\t\t\t\t\t\t<span class=\"elementor-button-content-wrapper\">\n\t\t\t\t\t\t\t\t\t<span class=\"elementor-button-text\">YOGA DE LA FEMME \u00ae<\/span>\n\t\t\t\t\t<\/span>\n\t\t\t\t\t<\/a>\n\t\t\t\t<\/div>\n\t\t\t\t\t\t\t\t<\/div>\n\t\t\t\t<\/div>\n\t\t\t\t<div class=\"elementor-element elementor-element-4bd78f5 elementor-align-center elementor-widget elementor-widget-button\" data-id=\"4bd78f5\" data-element_type=\"widget\" data-e-type=\"widget\" data-widget_type=\"button.default\">\n\t\t\t\t<div class=\"elementor-widget-container\">\n\t\t\t\t\t\t\t\t\t<div class=\"elementor-button-wrapper\">\n\t\t\t\t\t<a class=\"elementor-button elementor-button-link elementor-size-sm\" href=\"https:\/\/yogaavecpauline.fr\/index.php\/yoga-pre-post-natal\/\">\n\t\t\t\t\t\t<span class=\"elementor-button-content-wrapper\">\n\t\t\t\t\t\t\t\t\t<span class=\"elementor-button-text\">YOGA PRE&amp;POST-NATAL<\/span>\n\t\t\t\t\t<\/span>\n\t\t\t\t\t<\/a>\n\t\t\t\t<\/div>\n\t\t\t\t\t\t\t\t<\/div>\n\t\t\t\t<\/div>\n\t\t\t\t\t<\/div>\n\t\t<\/div>\n\t\t\t\t\t<\/div>\n\t\t<\/section>\n\t\t\t\t<section class=\"elementor-section elementor-top-section elementor-element elementor-element-3b5e6c4 elementor-section-boxed elementor-section-height-default elementor-section-height-default\" data-id=\"3b5e6c4\" data-element_type=\"section\" data-e-type=\"section\">\n\t\t\t\t\t\t<div class=\"elementor-container elementor-column-gap-default\">\n\t\t\t\t\t<div class=\"elementor-column elementor-col-100 elementor-top-column elementor-element elementor-element-852026f\" data-id=\"852026f\" data-element_type=\"column\" data-e-type=\"column\">\n\t\t\t<div class=\"elementor-widget-wrap elementor-element-populated\">\n\t\t\t\t\t\t<div class=\"elementor-element elementor-element-539510e elementor-widget elementor-widget-spacer\" data-id=\"539510e\" data-element_type=\"widget\" data-e-type=\"widget\" data-widget_type=\"spacer.default\">\n\t\t\t\t<div class=\"elementor-widget-container\">\n\t\t\t\t\t\t\t<div class=\"elementor-spacer\">\n\t\t\t<div class=\"elementor-spacer-inner\"><\/div>\n\t\t<\/div>\n\t\t\t\t\t\t<\/div>\n\t\t\t\t<\/div>\n\t\t\t\t<div class=\"elementor-element elementor-element-b0df02e elementor-widget elementor-widget-text-editor\" data-id=\"b0df02e\" data-element_type=\"widget\" data-e-type=\"widget\" data-widget_type=\"text-editor.default\">\n\t\t\t\t<div class=\"elementor-widget-container\">\n\t\t\t\t\t\t\t\t\t<p>Pratiquez le yoga dans une ambiance bienveillante, en petit groupe ou en individuel.<br \/>Trois approches compl\u00e9mentaires pour retrouver <strong>\u00e9quilibre, vitalit\u00e9 et douceur.<\/strong><\/p><p><strong>Chaque corps est unique, chaque moment de vie aussi.<\/strong> <br \/>Que vous cherchiez \u00e0 apaiser votre mental, soutenir votre cycle ou vivre sereinement la maternit\u00e9, je vous propose des pratiques sur mesure.<\/p>\t\t\t\t\t\t\t\t<\/div>\n\t\t\t\t<\/div>\n\t\t\t\t<div class=\"elementor-element elementor-element-0ece797 elementor-widget elementor-widget-spacer\" data-id=\"0ece797\" data-element_type=\"widget\" data-e-type=\"widget\" data-widget_type=\"spacer.default\">\n\t\t\t\t<div class=\"elementor-widget-container\">\n\t\t\t\t\t\t\t<div class=\"elementor-spacer\">\n\t\t\t<div class=\"elementor-spacer-inner\"><\/div>\n\t\t<\/div>\n\t\t\t\t\t\t<\/div>\n\t\t\t\t<\/div>\n\t\t\t\t<div class=\"elementor-element elementor-element-746dc9d elementor-widget elementor-widget-heading\" data-id=\"746dc9d\" data-element_type=\"widget\" data-e-type=\"widget\" data-widget_type=\"heading.default\">\n\t\t\t\t<div class=\"elementor-widget-container\">\n\t\t\t\t\t<h2 class=\"elementor-heading-title elementor-size-default\">Quel yoga est fait pour vous ?<\/h2>\t\t\t\t<\/div>\n\t\t\t\t<\/div>\n\t\t\t\t<div class=\"elementor-element elementor-element-cf1ebb2 elementor-widget elementor-widget-spacer\" data-id=\"cf1ebb2\" data-element_type=\"widget\" data-e-type=\"widget\" data-widget_type=\"spacer.default\">\n\t\t\t\t<div class=\"elementor-widget-container\">\n\t\t\t\t\t\t\t<div class=\"elementor-spacer\">\n\t\t\t<div class=\"elementor-spacer-inner\"><\/div>\n\t\t<\/div>\n\t\t\t\t\t\t<\/div>\n\t\t\t\t<\/div>\n\t\t\t\t\t<\/div>\n\t\t<\/div>\n\t\t\t\t\t<\/div>\n\t\t<\/section>\n\t\t\t\t<section class=\"elementor-section elementor-top-section elementor-element elementor-element-0c8efc5 elementor-section-full_width elementor-section-height-default elementor-section-height-default\" data-id=\"0c8efc5\" data-element_type=\"section\" data-e-type=\"section\">\n\t\t\t\t\t\t<div class=\"elementor-container elementor-column-gap-wider\">\n\t\t\t\t\t<div class=\"elementor-column elementor-col-33 elementor-top-column elementor-element elementor-element-019fce1\" data-id=\"019fce1\" data-element_type=\"column\" data-e-type=\"column\" data-settings=\"{&quot;background_background&quot;:&quot;classic&quot;}\">\n\t\t\t<div class=\"elementor-widget-wrap elementor-element-populated\">\n\t\t\t\t\t<div class=\"elementor-background-overlay\"><\/div>\n\t\t\t\t\t\t<div class=\"elementor-element elementor-element-1559880 elementor-widget elementor-widget-heading\" data-id=\"1559880\" data-element_type=\"widget\" data-e-type=\"widget\" data-widget_type=\"heading.default\">\n\t\t\t\t<div class=\"elementor-widget-container\">\n\t\t\t\t\t<h3 class=\"elementor-heading-title elementor-size-default\">Hatha Yoga<\/h3>\t\t\t\t<\/div>\n\t\t\t\t<\/div>\n\t\t\t\t<div class=\"elementor-element elementor-element-28508b4 elementor-widget elementor-widget-text-editor\" data-id=\"28508b4\" data-element_type=\"widget\" data-e-type=\"widget\" data-widget_type=\"text-editor.default\">\n\t\t\t\t<div class=\"elementor-widget-container\">\n\t\t\t\t\t\t\t\t\t<p><em><strong>Un yoga traditionnel pour vous recentrer, vous renforcer et vous apaiser.<\/strong><\/em><\/p><p>Le Hatha Yoga est une pratique compl\u00e8te qui associe postures, respiration consciente et relaxation profonde. Il permet d\u2019am\u00e9liorer la souplesse, la concentration et l\u2019\u00e9quilibre int\u00e9rieur.<br data-start=\"998\" data-end=\"1001\" \/>Id\u00e9al pour celles et ceux qui souhaitent un moment pour se reconnecter \u00e0 leur corps, leur souffle et leur calme int\u00e9rieur.<\/p>\t\t\t\t\t\t\t\t<\/div>\n\t\t\t\t<\/div>\n\t\t\t\t<div class=\"elementor-element elementor-element-e1479b9 elementor-align-center elementor-widget elementor-widget-button\" data-id=\"e1479b9\" data-element_type=\"widget\" data-e-type=\"widget\" data-widget_type=\"button.default\">\n\t\t\t\t<div class=\"elementor-widget-container\">\n\t\t\t\t\t\t\t\t\t<div class=\"elementor-button-wrapper\">\n\t\t\t\t\t<a class=\"elementor-button elementor-button-link elementor-size-sm\" href=\"#\">\n\t\t\t\t\t\t<span class=\"elementor-button-content-wrapper\">\n\t\t\t\t\t\t\t\t\t<span class=\"elementor-button-text\">D\u00e9couvrir<\/span>\n\t\t\t\t\t<\/span>\n\t\t\t\t\t<\/a>\n\t\t\t\t<\/div>\n\t\t\t\t\t\t\t\t<\/div>\n\t\t\t\t<\/div>\n\t\t\t\t\t<\/div>\n\t\t<\/div>\n\t\t\t\t<div class=\"elementor-column elementor-col-33 elementor-top-column elementor-element elementor-element-c593ab7\" data-id=\"c593ab7\" data-element_type=\"column\" data-e-type=\"column\" data-settings=\"{&quot;background_background&quot;:&quot;classic&quot;}\">\n\t\t\t<div class=\"elementor-widget-wrap elementor-element-populated\">\n\t\t\t\t\t<div class=\"elementor-background-overlay\"><\/div>\n\t\t\t\t\t\t<div class=\"elementor-element elementor-element-90eb7c3 elementor-widget elementor-widget-heading\" data-id=\"90eb7c3\" data-element_type=\"widget\" data-e-type=\"widget\" data-widget_type=\"heading.default\">\n\t\t\t\t<div class=\"elementor-widget-container\">\n\t\t\t\t\t<h3 class=\"elementor-heading-title elementor-size-default\">Yoga de la Femme \u00ae<\/h3>\t\t\t\t<\/div>\n\t\t\t\t<\/div>\n\t\t\t\t<div class=\"elementor-element elementor-element-dee68b1 elementor-widget elementor-widget-text-editor\" data-id=\"dee68b1\" data-element_type=\"widget\" data-e-type=\"widget\" data-widget_type=\"text-editor.default\">\n\t\t\t\t<div class=\"elementor-widget-container\">\n\t\t\t\t\t\t\t\t\t<p data-start=\"1207\" data-end=\"1298\"><strong><em data-start=\"1207\" data-end=\"1298\">Un espace pour \u00e9quilibrer vos hormones, apaiser le mental et renouer avec votre f\u00e9minit\u00e9.<\/em><\/strong><\/p><p data-start=\"1300\" data-end=\"1562\">Con\u00e7u pour accompagner les femmes \u00e0 chaque \u00e9tape de leur vie, le Yoga de la\u00a0Femme\u00a0soutient l\u2019\u00e9quilibre hormonal, \u00e9motionnel et \u00e9nerg\u00e9tique.<br \/><br data-start=\"1439\" data-end=\"1442\" \/>Accessible d\u00e8s l\u2019adolescence, il s\u2019adresse \u00e0 toutes les femmes en qu\u00eate d\u2019\u00e9coute int\u00e9rieure, de bien-\u00eatre et de douceur.<\/p>\t\t\t\t\t\t\t\t<\/div>\n\t\t\t\t<\/div>\n\t\t\t\t<div class=\"elementor-element elementor-element-095efe8 elementor-align-center elementor-widget elementor-widget-button\" data-id=\"095efe8\" data-element_type=\"widget\" data-e-type=\"widget\" data-widget_type=\"button.default\">\n\t\t\t\t<div class=\"elementor-widget-container\">\n\t\t\t\t\t\t\t\t\t<div class=\"elementor-button-wrapper\">\n\t\t\t\t\t<a class=\"elementor-button elementor-button-link elementor-size-sm\" href=\"#\">\n\t\t\t\t\t\t<span class=\"elementor-button-content-wrapper\">\n\t\t\t\t\t\t\t\t\t<span class=\"elementor-button-text\">En savoir plus<\/span>\n\t\t\t\t\t<\/span>\n\t\t\t\t\t<\/a>\n\t\t\t\t<\/div>\n\t\t\t\t\t\t\t\t<\/div>\n\t\t\t\t<\/div>\n\t\t\t\t\t<\/div>\n\t\t<\/div>\n\t\t\t\t<div class=\"elementor-column elementor-col-33 elementor-top-column elementor-element elementor-element-e4ac83f\" data-id=\"e4ac83f\" data-element_type=\"column\" data-e-type=\"column\" data-settings=\"{&quot;background_background&quot;:&quot;classic&quot;}\">\n\t\t\t<div class=\"elementor-widget-wrap elementor-element-populated\">\n\t\t\t\t\t<div class=\"elementor-background-overlay\"><\/div>\n\t\t\t\t\t\t<div class=\"elementor-element elementor-element-9150496 elementor-widget elementor-widget-heading\" data-id=\"9150496\" data-element_type=\"widget\" data-e-type=\"widget\" data-widget_type=\"heading.default\">\n\t\t\t\t<div class=\"elementor-widget-container\">\n\t\t\t\t\t<h3 class=\"elementor-heading-title elementor-size-default\">Yoga pr\u00e9&amp;post-natal<\/h3>\t\t\t\t<\/div>\n\t\t\t\t<\/div>\n\t\t\t\t<div class=\"elementor-element elementor-element-40fde26 elementor-widget elementor-widget-text-editor\" data-id=\"40fde26\" data-element_type=\"widget\" data-e-type=\"widget\" data-widget_type=\"text-editor.default\">\n\t\t\t\t<div class=\"elementor-widget-container\">\n\t\t\t\t\t\t\t\t\t<p data-start=\"1676\" data-end=\"1745\"><strong><em data-start=\"1676\" data-end=\"1745\">Accompagner le corps, le c\u0153ur et le souffle autour de la maternit\u00e9.<\/em><\/strong><\/p><p data-start=\"1747\" data-end=\"2013\">Que vous soyez enceinte ou jeune maman, ces s\u00e9ances sont pens\u00e9es pour vous offrir un espace de soutien, d\u2019ancrage et de bienveillance.<br \/><br data-start=\"1881\" data-end=\"1884\" \/>On y travaille la respiration, la mobilit\u00e9, le soulagement des tensions et la connexion au b\u00e9b\u00e9 (ou \u00e0 soi, apr\u00e8s l\u2019accouchement).<\/p>\t\t\t\t\t\t\t\t<\/div>\n\t\t\t\t<\/div>\n\t\t\t\t<div class=\"elementor-element elementor-element-2760e93 elementor-align-center elementor-widget elementor-widget-button\" data-id=\"2760e93\" data-element_type=\"widget\" data-e-type=\"widget\" data-widget_type=\"button.default\">\n\t\t\t\t<div class=\"elementor-widget-container\">\n\t\t\t\t\t\t\t\t\t<div class=\"elementor-button-wrapper\">\n\t\t\t\t\t<a class=\"elementor-button elementor-button-link elementor-size-sm\" href=\"#\">\n\t\t\t\t\t\t<span class=\"elementor-button-content-wrapper\">\n\t\t\t\t\t\t\t\t\t<span class=\"elementor-button-text\">Explorer<\/span>\n\t\t\t\t\t<\/span>\n\t\t\t\t\t<\/a>\n\t\t\t\t<\/div>\n\t\t\t\t\t\t\t\t<\/div>\n\t\t\t\t<\/div>\n\t\t\t\t\t<\/div>\n\t\t<\/div>\n\t\t\t\t\t<\/div>\n\t\t<\/section>\n\t\t\t\t<section class=\"elementor-section elementor-top-section elementor-element elementor-element-12869bc elementor-section-boxed elementor-section-height-default elementor-section-height-default\" data-id=\"12869bc\" data-element_type=\"section\" data-e-type=\"section\">\n\t\t\t\t\t\t<div class=\"elementor-container elementor-column-gap-default\">\n\t\t\t\t\t<div class=\"elementor-column elementor-col-100 elementor-top-column elementor-element elementor-element-0e46858\" data-id=\"0e46858\" data-element_type=\"column\" data-e-type=\"column\">\n\t\t\t<div class=\"elementor-widget-wrap elementor-element-populated\">\n\t\t\t\t\t\t<div class=\"elementor-element elementor-element-0656c43 elementor-widget elementor-widget-spacer\" data-id=\"0656c43\" data-element_type=\"widget\" data-e-type=\"widget\" data-widget_type=\"spacer.default\">\n\t\t\t\t<div class=\"elementor-widget-container\">\n\t\t\t\t\t\t\t<div class=\"elementor-spacer\">\n\t\t\t<div class=\"elementor-spacer-inner\"><\/div>\n\t\t<\/div>\n\t\t\t\t\t\t<\/div>\n\t\t\t\t<\/div>\n\t\t\t\t<div class=\"elementor-element elementor-element-f10ce9e elementor-widget elementor-widget-heading\" data-id=\"f10ce9e\" data-element_type=\"widget\" data-e-type=\"widget\" data-widget_type=\"heading.default\">\n\t\t\t\t<div class=\"elementor-widget-container\">\n\t\t\t\t\t<h2 class=\"elementor-heading-title elementor-size-default\">Comment participer \u00e0 un cours ?<\/h2>\t\t\t\t<\/div>\n\t\t\t\t<\/div>\n\t\t\t\t<div class=\"elementor-element elementor-element-e73cf4f elementor-widget elementor-widget-text-editor\" data-id=\"e73cf4f\" data-element_type=\"widget\" data-e-type=\"widget\" data-widget_type=\"text-editor.default\">\n\t\t\t\t<div class=\"elementor-widget-container\">\n\t\t\t\t\t\t\t\t\t<p>Mes cours ont lieu \u00e0 <strong>Brest (Vertical&rsquo;art, La Pam, Cabinet de sage-femmes) et Portsall<\/strong>. <br \/>En semaine ou le week-end, en groupe ou en individuel, il y a forc\u00e9ment un moment pour vous.<\/p>\t\t\t\t\t\t\t\t<\/div>\n\t\t\t\t<\/div>\n\t\t\t\t<div class=\"elementor-element elementor-element-76d7e59 elementor-align-center elementor-widget elementor-widget-button\" data-id=\"76d7e59\" data-element_type=\"widget\" data-e-type=\"widget\" data-widget_type=\"button.default\">\n\t\t\t\t<div class=\"elementor-widget-container\">\n\t\t\t\t\t\t\t\t\t<div class=\"elementor-button-wrapper\">\n\t\t\t\t\t<a class=\"elementor-button elementor-button-link elementor-size-sm\" href=\"https:\/\/yogaavecpauline.fr\/index.php\/planning-tarifs\/\">\n\t\t\t\t\t\t<span class=\"elementor-button-content-wrapper\">\n\t\t\t\t\t\t\t\t\t<span class=\"elementor-button-text\">Voir le planning<\/span>\n\t\t\t\t\t<\/span>\n\t\t\t\t\t<\/a>\n\t\t\t\t<\/div>\n\t\t\t\t\t\t\t\t<\/div>\n\t\t\t\t<\/div>\n\t\t\t\t<div class=\"elementor-element elementor-element-2d60da1 elementor-widget elementor-widget-spacer\" data-id=\"2d60da1\" data-element_type=\"widget\" data-e-type=\"widget\" data-widget_type=\"spacer.default\">\n\t\t\t\t<div class=\"elementor-widget-container\">\n\t\t\t\t\t\t\t<div class=\"elementor-spacer\">\n\t\t\t<div class=\"elementor-spacer-inner\"><\/div>\n\t\t<\/div>\n\t\t\t\t\t\t<\/div>\n\t\t\t\t<\/div>\n\t\t\t\t\t<\/div>\n\t\t<\/div>\n\t\t\t\t\t<\/div>\n\t\t<\/section>\n\t\t\t\t<\/div>\n\t\t","protected":false},"excerpt":{"rendered":"<p>Mes cours de yoga \u00e0 Brest Trois pratiques, trois chemins pour revenir \u00e0 soi HATHA YOGA YOGA DE LA FEMME \u00ae YOGA PRE&amp;POST-NATAL Pratiquez le yoga dans une ambiance bienveillante, en petit groupe ou en individuel.Trois approches compl\u00e9mentaires pour retrouver \u00e9quilibre, vitalit\u00e9 et douceur. Chaque corps est unique, chaque moment de vie aussi. Que vous [&hellip;]<\/p>\n","protected":false},"author":1,"featured_media":0,"parent":0,"menu_order":0,"comment_status":"closed","ping_status":"closed","template":"","meta":{"footnotes":""},"class_list":["post-884","page","type-page","status-publish","hentry"],"yoast_head":"<!-- This site is optimized with the Yoast SEO plugin v27.4 - https:\/\/yoast.com\/product\/yoast-seo-wordpress\/ -->\n<title>Les cours - Yoga Hatha, femme, pr\u00e9natal et postnatal<\/title>\n<meta name=\"description\" content=\"D\u00e9couvrez les types de yoga que j\u2019enseigne \u00e0 Brest : Hatha, yoga de la femme, pr\u00e9natal et postnatal. Pour chaque \u00e9tape de vie.\" \/>\n<meta name=\"robots\" content=\"index, follow, max-snippet:-1, max-image-preview:large, max-video-preview:-1\" \/>\n<link rel=\"canonical\" href=\"https:\/\/yogaavecpauline.fr\/index.php\/les-cours\/\" \/>\n<meta property=\"og:locale\" content=\"fr_FR\" \/>\n<meta property=\"og:type\" content=\"article\" \/>\n<meta property=\"og:title\" content=\"Les cours - Yoga Hatha, femme, pr\u00e9natal et postnatal\" \/>\n<meta property=\"og:description\" content=\"D\u00e9couvrez les types de yoga que j\u2019enseigne \u00e0 Brest : Hatha, yoga de la femme, pr\u00e9natal et postnatal. Pour chaque \u00e9tape de vie.\" \/>\n<meta property=\"og:url\" content=\"https:\/\/yogaavecpauline.fr\/index.php\/les-cours\/\" \/>\n<meta property=\"og:site_name\" content=\"Yoga avec Pauline\" \/>\n<meta property=\"article:modified_time\" content=\"2025-08-20T13:11:30+00:00\" \/>\n<meta name=\"twitter:card\" content=\"summary_large_image\" \/>\n<meta name=\"twitter:label1\" content=\"Dur\u00e9e de lecture estim\u00e9e\" \/>\n\t<meta name=\"twitter:data1\" content=\"2 minutes\" \/>\n<script type=\"application\/ld+json\" class=\"yoast-schema-graph\">{\"@context\":\"https:\\\/\\\/schema.org\",\"@graph\":[{\"@type\":\"WebPage\",\"@id\":\"https:\\\/\\\/yogaavecpauline.fr\\\/index.php\\\/les-cours\\\/\",\"url\":\"https:\\\/\\\/yogaavecpauline.fr\\\/index.php\\\/les-cours\\\/\",\"name\":\"Les cours - Yoga Hatha, femme, pr\u00e9natal et postnatal\",\"isPartOf\":{\"@id\":\"https:\\\/\\\/yogaavecpauline.fr\\\/#website\"},\"datePublished\":\"2025-07-28T11:10:07+00:00\",\"dateModified\":\"2025-08-20T13:11:30+00:00\",\"description\":\"D\u00e9couvrez les types de yoga que j\u2019enseigne \u00e0 Brest : Hatha, yoga de la femme, pr\u00e9natal et postnatal. Pour chaque \u00e9tape de vie.\",\"breadcrumb\":{\"@id\":\"https:\\\/\\\/yogaavecpauline.fr\\\/index.php\\\/les-cours\\\/#breadcrumb\"},\"inLanguage\":\"fr-FR\",\"potentialAction\":[{\"@type\":\"ReadAction\",\"target\":[\"https:\\\/\\\/yogaavecpauline.fr\\\/index.php\\\/les-cours\\\/\"]}]},{\"@type\":\"BreadcrumbList\",\"@id\":\"https:\\\/\\\/yogaavecpauline.fr\\\/index.php\\\/les-cours\\\/#breadcrumb\",\"itemListElement\":[{\"@type\":\"ListItem\",\"position\":1,\"name\":\"Accueil\",\"item\":\"https:\\\/\\\/yogaavecpauline.fr\\\/\"},{\"@type\":\"ListItem\",\"position\":2,\"name\":\"Les cours\"}]},{\"@type\":\"WebSite\",\"@id\":\"https:\\\/\\\/yogaavecpauline.fr\\\/#website\",\"url\":\"https:\\\/\\\/yogaavecpauline.fr\\\/\",\"name\":\"Yoga avec Pauline\",\"description\":\"Vibrer Yoga Pauline Brest\",\"publisher\":{\"@id\":\"https:\\\/\\\/yogaavecpauline.fr\\\/#organization\"},\"potentialAction\":[{\"@type\":\"SearchAction\",\"target\":{\"@type\":\"EntryPoint\",\"urlTemplate\":\"https:\\\/\\\/yogaavecpauline.fr\\\/?s={search_term_string}\"},\"query-input\":{\"@type\":\"PropertyValueSpecification\",\"valueRequired\":true,\"valueName\":\"search_term_string\"}}],\"inLanguage\":\"fr-FR\"},{\"@type\":\"Organization\",\"@id\":\"https:\\\/\\\/yogaavecpauline.fr\\\/#organization\",\"name\":\"Yoga avec Pauline\",\"url\":\"https:\\\/\\\/yogaavecpauline.fr\\\/\",\"logo\":{\"@type\":\"ImageObject\",\"inLanguage\":\"fr-FR\",\"@id\":\"https:\\\/\\\/yogaavecpauline.fr\\\/#\\\/schema\\\/logo\\\/image\\\/\",\"url\":\"https:\\\/\\\/yogaavecpauline.fr\\\/wp-content\\\/uploads\\\/2024\\\/08\\\/logogreen.webp\",\"contentUrl\":\"https:\\\/\\\/yogaavecpauline.fr\\\/wp-content\\\/uploads\\\/2024\\\/08\\\/logogreen.webp\",\"width\":128,\"height\":128,\"caption\":\"Yoga avec Pauline\"},\"image\":{\"@id\":\"https:\\\/\\\/yogaavecpauline.fr\\\/#\\\/schema\\\/logo\\\/image\\\/\"}}]}<\/script>\n<!-- \/ Yoast SEO plugin. -->","yoast_head_json":{"title":"Les cours - Yoga Hatha, femme, pr\u00e9natal et postnatal","description":"D\u00e9couvrez les types de yoga que j\u2019enseigne \u00e0 Brest : Hatha, yoga de la femme, pr\u00e9natal et postnatal. Pour chaque \u00e9tape de vie.","robots":{"index":"index","follow":"follow","max-snippet":"max-snippet:-1","max-image-preview":"max-image-preview:large","max-video-preview":"max-video-preview:-1"},"canonical":"https:\/\/yogaavecpauline.fr\/index.php\/les-cours\/","og_locale":"fr_FR","og_type":"article","og_title":"Les cours - Yoga Hatha, femme, pr\u00e9natal et postnatal","og_description":"D\u00e9couvrez les types de yoga que j\u2019enseigne \u00e0 Brest : Hatha, yoga de la femme, pr\u00e9natal et postnatal. Pour chaque \u00e9tape de vie.","og_url":"https:\/\/yogaavecpauline.fr\/index.php\/les-cours\/","og_site_name":"Yoga avec Pauline","article_modified_time":"2025-08-20T13:11:30+00:00","twitter_card":"summary_large_image","twitter_misc":{"Dur\u00e9e de lecture estim\u00e9e":"2 minutes"},"schema":{"@context":"https:\/\/schema.org","@graph":[{"@type":"WebPage","@id":"https:\/\/yogaavecpauline.fr\/index.php\/les-cours\/","url":"https:\/\/yogaavecpauline.fr\/index.php\/les-cours\/","name":"Les cours - Yoga Hatha, femme, pr\u00e9natal et postnatal","isPartOf":{"@id":"https:\/\/yogaavecpauline.fr\/#website"},"datePublished":"2025-07-28T11:10:07+00:00","dateModified":"2025-08-20T13:11:30+00:00","description":"D\u00e9couvrez les types de yoga que j\u2019enseigne \u00e0 Brest : Hatha, yoga de la femme, pr\u00e9natal et postnatal. Pour chaque \u00e9tape de vie.","breadcrumb":{"@id":"https:\/\/yogaavecpauline.fr\/index.php\/les-cours\/#breadcrumb"},"inLanguage":"fr-FR","potentialAction":[{"@type":"ReadAction","target":["https:\/\/yogaavecpauline.fr\/index.php\/les-cours\/"]}]},{"@type":"BreadcrumbList","@id":"https:\/\/yogaavecpauline.fr\/index.php\/les-cours\/#breadcrumb","itemListElement":[{"@type":"ListItem","position":1,"name":"Accueil","item":"https:\/\/yogaavecpauline.fr\/"},{"@type":"ListItem","position":2,"name":"Les cours"}]},{"@type":"WebSite","@id":"https:\/\/yogaavecpauline.fr\/#website","url":"https:\/\/yogaavecpauline.fr\/","name":"Yoga avec Pauline","description":"Vibrer Yoga Pauline Brest","publisher":{"@id":"https:\/\/yogaavecpauline.fr\/#organization"},"potentialAction":[{"@type":"SearchAction","target":{"@type":"EntryPoint","urlTemplate":"https:\/\/yogaavecpauline.fr\/?s={search_term_string}"},"query-input":{"@type":"PropertyValueSpecification","valueRequired":true,"valueName":"search_term_string"}}],"inLanguage":"fr-FR"},{"@type":"Organization","@id":"https:\/\/yogaavecpauline.fr\/#organization","name":"Yoga avec Pauline","url":"https:\/\/yogaavecpauline.fr\/","logo":{"@type":"ImageObject","inLanguage":"fr-FR","@id":"https:\/\/yogaavecpauline.fr\/#\/schema\/logo\/image\/","url":"https:\/\/yogaavecpauline.fr\/wp-content\/uploads\/2024\/08\/logogreen.webp","contentUrl":"https:\/\/yogaavecpauline.fr\/wp-content\/uploads\/2024\/08\/logogreen.webp","width":128,"height":128,"caption":"Yoga avec Pauline"},"image":{"@id":"https:\/\/yogaavecpauline.fr\/#\/schema\/logo\/image\/"}}]}},"_links":{"self":[{"href":"https:\/\/yogaavecpauline.fr\/index.php\/wp-json\/wp\/v2\/pages\/884","targetHints":{"allow":["GET"]}}],"collection":[{"href":"https:\/\/yogaavecpauline.fr\/index.php\/wp-json\/wp\/v2\/pages"}],"about":[{"href":"https:\/\/yogaavecpauline.fr\/index.php\/wp-json\/wp\/v2\/types\/page"}],"author":[{"embeddable":true,"href":"https:\/\/yogaavecpauline.fr\/index.php\/wp-json\/wp\/v2\/users\/1"}],"replies":[{"embeddable":true,"href":"https:\/\/yogaavecpauline.fr\/index.php\/wp-json\/wp\/v2\/comments?post=884"}],"version-history":[{"count":21,"href":"https:\/\/yogaavecpauline.fr\/index.php\/wp-json\/wp\/v2\/pages\/884\/revisions"}],"predecessor-version":[{"id":1139,"href":"https:\/\/yogaavecpauline.fr\/index.php\/wp-json\/wp\/v2\/pages\/884\/revisions\/1139"}],"wp:attachment":[{"href":"https:\/\/yogaavecpauline.fr\/index.php\/wp-json\/wp\/v2\/media?parent=884"}],"curies":[{"name":"wp","href":"https:\/\/api.w.org\/{rel}","templated":true}]}}